{"id":394540,"date":"2026-01-07T18:30:14","date_gmt":"2026-01-07T18:30:14","guid":{"rendered":"https:\/\/ammadeusadvogados.co.ao\/sustentabilidade\/"},"modified":"2026-02-16T10:35:16","modified_gmt":"2026-02-16T10:35:16","slug":"sustainability","status":"publish","type":"page","link":"https:\/\/ammadeus.co.ao\/en\/sustainability\/","title":{"rendered":"Sustainability"},"content":{"rendered":"<p>[et_pb_section fb_built=&#8221;1&#8243; _builder_version=&#8221;4.27.4&#8243; _module_preset=&#8221;default&#8221; background_color=&#8221;#698a82&#8243; background_enable_image=&#8221;off&#8221; background_enable_video_mp4=&#8221;off&#8221; min_height=&#8221;50px&#8221; height=&#8221;50px&#8221; custom_margin=&#8221;-103px||43px|%22|false|false&#8221; custom_margin_tablet=&#8221;||-188px|%22|false|false&#8221; custom_margin_phone=&#8221;||0px|%22|false|false&#8221; custom_margin_last_edited=&#8221;on|phone&#8221; custom_padding=&#8221;|||%22|false|false&#8221; locked=&#8221;off&#8221; global_colors_info=&#8221;%22{}%22&#8243;][\/et_pb_section][et_pb_section fb_built=&#8221;1&#8243; disabled_on=&#8221;on|off|off&#8221; _builder_version=&#8221;4.27.5&#8243; _module_preset=&#8221;default&#8221; custom_padding=&#8221;7px||39px|||&#8221; locked=&#8221;off&#8221; global_colors_info=&#8221;{}&#8221;][et_pb_row column_structure=&#8221;1_2,1_2&#8243; _builder_version=&#8221;4.27.5&#8243; _module_preset=&#8221;default&#8221; max_width=&#8221;1170px&#8221; global_colors_info=&#8221;{}&#8221;][et_pb_column type=&#8221;1_2&#8243; _builder_version=&#8221;4.27.5&#8243; _module_preset=&#8221;default&#8221; global_colors_info=&#8221;{}&#8221;][et_pb_blurb title=&#8221;SUSTAINABILITY&#8221; image_icon_width=&#8221;38%&#8221; icon_alignment=&#8221;left&#8221; content_max_width=&#8221;1100px&#8221; _builder_version=&#8221;4.27.5&#8243; _module_preset=&#8221;default&#8221; header_font=&#8221;Raleway|600||on|||||&#8221; header_font_size=&#8221;28px&#8221; header_line_height=&#8221;1.6em&#8221; body_font=&#8221;Raleway|600|||||||&#8221; body_letter_spacing=&#8221;0.1px&#8221; body_line_height=&#8221;1.9em&#8221; custom_margin=&#8221;0px||||false|false&#8221; hover_enabled=&#8221;0&#8243; global_colors_info=&#8221;{}&#8221; sticky_enabled=&#8221;0&#8243;]<\/p>\n<p>At AMMADEUS, we believe sustainability is key to responsible business and societal development.<\/p>\n<p>We provide ethical, practical legal advice and representation, guided by principles of environmental protection, social development and good corporate governance.<\/p>\n<p>Our aim is to help clients implement sustainable practices, ensuring full legal compliance, minimising risks, and achieving legal solutions and business outcomes that drive social and environmental responsibility while securing the long-term resilience of their organisations.<\/p>\n<p>[\/et_pb_blurb][et_pb_blurb title=&#8221;What we do&#8221; url=&#8221;https:\/\/ammadeus.co.ao\/en\/what-we-do\/&#8221; use_icon=&#8221;on&#8221; font_icon=&#8221;&#x4c;||divi||400&#8243; icon_color=&#8221;#698a82&#8243; icon_placement=&#8221;left&#8221; image_icon_width=&#8221;30px&#8221; _builder_version=&#8221;4.27.5&#8243; _module_preset=&#8221;default&#8221; header_font=&#8221;Raleway|600||on|||||&#8221; header_font_size=&#8221;15px&#8221; header_letter_spacing=&#8221;1px&#8221; header_line_height=&#8221;2.3em&#8221; animation_style=&#8221;fade&#8221; link_option_url=&#8221;https:\/\/ammadeus.co.ao\/en\/what-we-do\/&#8221; global_colors_info=&#8221;{}&#8221;][\/et_pb_blurb][\/et_pb_column][et_pb_column type=&#8221;1_2&#8243; _builder_version=&#8221;4.27.5&#8243; _module_preset=&#8221;default&#8221; custom_padding=&#8221;||||false|false&#8221; global_colors_info=&#8221;{}&#8221;][et_pb_image src=&#8221;https:\/\/ammadeus.co.ao\/wp-content\/uploads\/2025\/12\/shutterstock_2412577077.png&#8221; title_text=&#8221;shutterstock_2412577077&#8243; _builder_version=&#8221;4.27.5&#8243; _module_preset=&#8221;default&#8221; global_colors_info=&#8221;{}&#8221;][\/et_pb_image][\/et_pb_column][\/et_pb_row][\/et_pb_section][et_pb_section fb_built=&#8221;1&#8243; custom_padding_last_edited=&#8221;on|tablet&#8221; admin_label=&#8221;Bones Footer Module &#8211; Pegasus&#8221; module_class=&#8221;pegasus-footer1&#8243; _builder_version=&#8221;4.27.5&#8243; background_color=&#8221;#698a82&#8243; background_image=&#8221;https:\/\/ammadeus.co.ao\/wp-content\/uploads\/2025\/12\/img56-2-scaled.jpg&#8221; custom_padding=&#8221;17.1vh||2vh|||&#8221; custom_padding_tablet=&#8221;40px||0px|&#8221; custom_padding_phone=&#8221;&#8221; z_index_tablet=&#8221;500&#8243; box_shadow_horizontal_tablet=&#8221;0px&#8221; box_shadow_vertical_tablet=&#8221;0px&#8221; box_shadow_blur_tablet=&#8221;40px&#8221; box_shadow_spread_tablet=&#8221;0px&#8221; global_module=&#8221;394558&#8243; saved_tabs=&#8221;all&#8221; collapsed=&#8221;off&#8221; global_colors_info=&#8221;{}&#8221;][et_pb_row column_structure=&#8221;1_3,1_3,1_3&#8243; custom_padding_last_edited=&#8221;on|tablet&#8221; admin_label=&#8221;Interior Design Page Layout&#8221; _builder_version=&#8221;4.27.5&#8243; background_size=&#8221;initial&#8221; background_position=&#8221;top_left&#8221; background_repeat=&#8221;repeat&#8221; max_width=&#8221;1170px&#8221; custom_margin=&#8221;||21px||false|false&#8221; custom_margin_tablet=&#8221;&#8221; custom_margin_phone=&#8221;||-5px||false|false&#8221; custom_margin_last_edited=&#8221;on|phone&#8221; custom_padding=&#8221;||10px|||&#8221; custom_padding_tablet=&#8221;20px||40px|&#8221; custom_padding_phone=&#8221;||0px||false|false&#8221; border_color_bottom=&#8221;#FFFFFF&#8221; use_custom_width=&#8221;on&#8221; custom_width_px=&#8221;1170px&#8221; collapsed=&#8221;off&#8221; global_colors_info=&#8221;{}&#8221;][et_pb_column type=&#8221;1_3&#8243; _builder_version=&#8221;4.16&#8243; custom_padding=&#8221;|||&#8221; global_colors_info=&#8221;{}&#8221; custom_padding__hover=&#8221;|||&#8221;][\/et_pb_column][et_pb_column type=&#8221;1_3&#8243; _builder_version=&#8221;4.16&#8243; custom_padding=&#8221;|||&#8221; global_colors_info=&#8221;{}&#8221; custom_padding__hover=&#8221;|||&#8221;][et_pb_image src=&#8221;https:\/\/ammadeus.co.ao\/wp-content\/uploads\/2025\/11\/Ammadeus_Logo_H_branco-2.png&#8221; title_text=&#8221;Ammadeus_Logo_H_branco&#8221; align=&#8221;center&#8221; _builder_version=&#8221;4.27.5&#8243; _module_preset=&#8221;default&#8221; global_colors_info=&#8221;{}&#8221;][\/et_pb_image][et_pb_text disabled_on=&#8221;off|off|off&#8221; _builder_version=&#8221;4.27.5&#8243; _module_preset=&#8221;default&#8221; text_font=&#8221;Raleway|600|||||||&#8221; text_text_color=&#8221;#FFFFFF&#8221; text_font_size=&#8221;13px&#8221; text_letter_spacing=&#8221;0.3px&#8221; text_orientation=&#8221;center&#8221; custom_margin=&#8221;-14px||43px||false|false&#8221; custom_margin_tablet=&#8221;&#8221; custom_margin_phone=&#8221;-20px||||false|false&#8221; custom_margin_last_edited=&#8221;on|phone&#8221; text_font_size_tablet=&#8221;&#8221; text_font_size_phone=&#8221;13px&#8221; text_font_size_last_edited=&#8221;on|phone&#8221; text_line_height_tablet=&#8221;&#8221; text_line_height_phone=&#8221;2.9em&#8221; text_line_height_last_edited=&#8221;on|phone&#8221; text_orientation_tablet=&#8221;&#8221; text_orientation_phone=&#8221;center&#8221; text_orientation_last_edited=&#8221;on|phone&#8221; global_colors_info=&#8221;{}&#8221;]<\/p>\n<p>Condom\u00ednio Dolce Vita, Edif\u00edcio 1C, Andar 2, Munic\u00edpio de Talatona, Prov\u00edncia de Luanda, Angola<\/p>\n<p>[\/et_pb_text][et_pb_text disabled_on=&#8221;off|off|off&#8221; _builder_version=&#8221;4.27.5&#8243; _module_preset=&#8221;default&#8221; text_font=&#8221;Raleway|600|||||||&#8221; text_text_color=&#8221;#FFFFFF&#8221; text_font_size=&#8221;13px&#8221; text_letter_spacing=&#8221;0.3px&#8221; text_orientation=&#8221;center&#8221; custom_margin=&#8221;-15px||||false|false&#8221; custom_margin_tablet=&#8221;&#8221; custom_margin_phone=&#8221;-13px||54px||false|false&#8221; custom_margin_last_edited=&#8221;on|phone&#8221; global_colors_info=&#8221;{}&#8221;]<\/p>\n<p><a href=\"mailto:geral@ammadeus.co.ao\">geral@ammadeus.co.ao<\/a><\/p>\n<p>[\/et_pb_text][et_pb_image src=&#8221;https:\/\/ammadeus.co.ao\/wp-content\/uploads\/2026\/01\/transferir-1.png&#8221; title_text=&#8221;transferir (1)&#8221; url=&#8221;https:\/\/www.linkedin.com\/authwall?trk=bf&#038;trkInfo=AQGa1RF-ajQLPAAAAZvcmjPgMDLwXmqZeDevAwc9SL0iSONKt1xiMzXgx66h1Wrik8h5LjUQlqBJPZi2ayTyr9aYv8-obJjCWV8yk9KMGs0ees2Z3JPRQewh3EYMgEyNVYPG4LU=&#038;original_referer=&#038;sessionRedirect=https%3A%2F%2Fwww.linkedin.com%2Fcompany%2Fammadeus%2F%3FviewAsMember%3Dtrue&#8221; url_new_window=&#8221;on&#8221; align=&#8221;center&#8221; _builder_version=&#8221;4.27.5&#8243; _module_preset=&#8221;default&#8221; width=&#8221;16%&#8221; width_tablet=&#8221;&#8221; width_phone=&#8221;14%&#8221; width_last_edited=&#8221;on|phone&#8221; custom_margin=&#8221;-8px||1px||false|false&#8221; locked=&#8221;off&#8221; global_colors_info=&#8221;{}&#8221;][\/et_pb_image][\/et_pb_column][et_pb_column type=&#8221;1_3&#8243; _builder_version=&#8221;4.16&#8243; custom_padding=&#8221;|||&#8221; global_colors_info=&#8221;{}&#8221; custom_padding__hover=&#8221;|||&#8221;][\/et_pb_column][\/et_pb_row][et_pb_row column_structure=&#8221;1_3,1_3,1_3&#8243; custom_padding_last_edited=&#8221;on|tablet&#8221; admin_label=&#8221;Interior Design Page Layout&#8221; _builder_version=&#8221;4.27.5&#8243; background_size=&#8221;initial&#8221; background_position=&#8221;top_left&#8221; background_repeat=&#8221;repeat&#8221; max_width=&#8221;1170px&#8221; custom_margin=&#8221;||21px||false|false&#8221; custom_margin_tablet=&#8221;&#8221; custom_margin_phone=&#8221;||-5px||false|false&#8221; custom_margin_last_edited=&#8221;on|phone&#8221; custom_padding=&#8221;||10px|||&#8221; custom_padding_tablet=&#8221;20px||40px|&#8221; custom_padding_phone=&#8221;||0px||false|false&#8221; border_color_bottom=&#8221;#FFFFFF&#8221; use_custom_width=&#8221;on&#8221; custom_width_px=&#8221;1170px&#8221; collapsed=&#8221;off&#8221; global_colors_info=&#8221;{}&#8221;][et_pb_column type=&#8221;1_3&#8243; _builder_version=&#8221;4.16&#8243; custom_padding=&#8221;|||&#8221; global_colors_info=&#8221;{}&#8221; custom_padding__hover=&#8221;|||&#8221;][\/et_pb_column][et_pb_column type=&#8221;1_3&#8243; _builder_version=&#8221;4.16&#8243; custom_padding=&#8221;|||&#8221; global_colors_info=&#8221;{}&#8221; custom_padding__hover=&#8221;|||&#8221;][et_pb_text disabled_on=&#8221;off|off|off&#8221; _builder_version=&#8221;4.27.5&#8243; _module_preset=&#8221;default&#8221; text_font=&#8221;Raleway|600|||||||&#8221; text_text_color=&#8221;#FFFFFF&#8221; text_font_size=&#8221;13px&#8221; text_letter_spacing=&#8221;0.3px&#8221; link_font=&#8221;Raleway||||||||&#8221; link_text_align=&#8221;center&#8221; link_line_height=&#8221;1.2em&#8221; text_orientation=&#8221;center&#8221; custom_margin=&#8221;-24px||||false|false&#8221; custom_margin_tablet=&#8221;&#8221; custom_margin_phone=&#8221;-20px||45px||false|false&#8221; custom_margin_last_edited=&#8221;on|desktop&#8221; global_colors_info=&#8221;{}&#8221;]<\/p>\n<p style=\"text-align: center;\"><a class=\"row-title\" href=\"https:\/\/ammadeusadvogados.co.ao\/en\/termos-e-condicoes\/\" aria-label=\"\u201cTerms and Conditions\u201d (Editar)\" target=\"_blank\" rel=\"noopener\">Terms and Conditions<\/a><br \/><a href=\"https:\/\/ammadeusadvogados.co.ao\/en\/politica-de-privacidade-e-politica-de-cookies\/\" target=\"_blank\" rel=\"noopener\">Privacy Policy and Cookies Policy<\/a><a href=\"https:\/\/ammadeusadvogados.co.ao\/politica-de-privacidade-e-politica-de-cookies\/\" target=\"_blank\" rel=\"noopener\"><\/a><\/p>\n<p>[\/et_pb_text][\/et_pb_column][et_pb_column type=&#8221;1_3&#8243; _builder_version=&#8221;4.16&#8243; custom_padding=&#8221;|||&#8221; global_colors_info=&#8221;{}&#8221; custom_padding__hover=&#8221;|||&#8221;][\/et_pb_column][\/et_pb_row][et_pb_row column_structure=&#8221;1_5,3_5,1_5&#8243; custom_padding_last_edited=&#8221;on|tablet&#8221; admin_label=&#8221;Interior Design Page Layout&#8221; _builder_version=&#8221;4.27.5&#8243; background_size=&#8221;initial&#8221; background_position=&#8221;top_left&#8221; background_repeat=&#8221;repeat&#8221; max_width=&#8221;1170px&#8221; custom_margin=&#8221;||||false|false&#8221; custom_margin_tablet=&#8221;&#8221; custom_margin_phone=&#8221;||-5px||false|false&#8221; custom_margin_last_edited=&#8221;on|phone&#8221; custom_padding=&#8221;||10px|||&#8221; custom_padding_tablet=&#8221;20px||40px|&#8221; custom_padding_phone=&#8221;||0px||false|false&#8221; border_width_top=&#8221;2px&#8221; border_color_top=&#8221;#FFFFFF&#8221; border_color_bottom=&#8221;#FFFFFF&#8221; use_custom_width=&#8221;on&#8221; custom_width_px=&#8221;1170px&#8221; collapsed=&#8221;off&#8221; global_colors_info=&#8221;{}&#8221;][et_pb_column type=&#8221;1_5&#8243; _builder_version=&#8221;4.16&#8243; custom_padding=&#8221;|||&#8221; global_colors_info=&#8221;{}&#8221; custom_padding__hover=&#8221;|||&#8221;][\/et_pb_column][et_pb_column type=&#8221;3_5&#8243; _builder_version=&#8221;4.16&#8243; custom_padding=&#8221;|||&#8221; global_colors_info=&#8221;{}&#8221; custom_padding__hover=&#8221;|||&#8221;][et_pb_text disabled_on=&#8221;off|off|off&#8221; _builder_version=&#8221;4.27.5&#8243; _module_preset=&#8221;default&#8221; text_font=&#8221;Raleway|600|||||||&#8221; text_text_color=&#8221;#FFFFFF&#8221; text_font_size=&#8221;13px&#8221; text_letter_spacing=&#8221;0.3px&#8221; link_font=&#8221;Raleway||||||||&#8221; link_text_align=&#8221;center&#8221; link_line_height=&#8221;1.2em&#8221; text_orientation=&#8221;center&#8221; custom_margin=&#8221;||||false|false&#8221; custom_margin_tablet=&#8221;&#8221; custom_margin_phone=&#8221;-20px||45px||false|false&#8221; custom_margin_last_edited=&#8221;on|desktop&#8221; custom_padding=&#8221;||0px||false|false&#8221; global_colors_info=&#8221;{}&#8221;]<\/p>\n<p><span>Ammadeus | All rights reserved | Design and Development by <\/span><a target=\"_blank\" href=\"https:\/\/bestsites.pt\/\" rel=\"noopener\">Bestsites.pt<\/a><\/p>\n<p>[\/et_pb_text][\/et_pb_column][et_pb_column type=&#8221;1_5&#8243; _builder_version=&#8221;4.16&#8243; custom_padding=&#8221;|||&#8221; global_colors_info=&#8221;{}&#8221; custom_padding__hover=&#8221;|||&#8221;][\/et_pb_column][\/et_pb_row][\/et_pb_section]<\/p>\n","protected":false},"excerpt":{"rendered":"<p>At AMMADEUS, we believe sustainability is key to responsible business and societal development. We provide ethical, practical legal advice and representation, guided by principles of environmental protection, social development and good corporate governance. Our aim is to help clients implement sustainable practices, ensuring full legal compliance, minimising risks, and achieving legal solutions and business outcomes [&hellip;]<\/p>\n","protected":false},"author":1,"featured_media":0,"parent":0,"menu_order":0,"comment_status":"closed","ping_status":"closed","template":"","meta":{"_et_pb_use_builder":"on","_et_pb_old_content":"","_et_gb_content_width":"","footnotes":""},"dipi_cpt_category":[],"class_list":["post-394540","page","type-page","status-publish","hentry"],"yoast_head":"<!-- This site is optimized with the Yoast SEO plugin v27.1.1 - https:\/\/yoast.com\/product\/yoast-seo-wordpress\/ -->\n<title>Sustainability - Ammadeus Advogados<\/title>\n<meta name=\"robots\" content=\"index, follow, max-snippet:-1, max-image-preview:large, max-video-preview:-1\" \/>\n<link rel=\"canonical\" href=\"https:\/\/ammadeus.co.ao\/en\/sustainability\/\" \/>\n<meta property=\"og:locale\" content=\"en_US\" \/>\n<meta property=\"og:type\" content=\"article\" \/>\n<meta property=\"og:title\" content=\"Sustainability - Ammadeus Advogados\" \/>\n<meta property=\"og:description\" content=\"At AMMADEUS, we believe sustainability is key to responsible business and societal development. We provide ethical, practical legal advice and representation, guided by principles of environmental protection, social development and good corporate governance. Our aim is to help clients implement sustainable practices, ensuring full legal compliance, minimising risks, and achieving legal solutions and business outcomes [&hellip;]\" \/>\n<meta property=\"og:url\" content=\"https:\/\/ammadeus.co.ao\/en\/sustainability\/\" \/>\n<meta property=\"og:site_name\" content=\"Ammadeus Advogados\" \/>\n<meta property=\"article:modified_time\" content=\"2026-02-16T10:35:16+00:00\" \/>\n<meta name=\"twitter:card\" content=\"summary_large_image\" \/>\n<meta name=\"twitter:label1\" content=\"Est. reading time\" \/>\n\t<meta name=\"twitter:data1\" content=\"7 minutes\" \/>\n<script type=\"application\/ld+json\" class=\"yoast-schema-graph\">{\"@context\":\"https:\/\/schema.org\",\"@graph\":[{\"@type\":\"WebPage\",\"@id\":\"https:\/\/ammadeus.co.ao\/en\/sustainability\/\",\"url\":\"https:\/\/ammadeus.co.ao\/en\/sustainability\/\",\"name\":\"Sustainability - Ammadeus Advogados\",\"isPartOf\":{\"@id\":\"https:\/\/ammadeus.co.ao\/#website\"},\"datePublished\":\"2026-01-07T18:30:14+00:00\",\"dateModified\":\"2026-02-16T10:35:16+00:00\",\"breadcrumb\":{\"@id\":\"https:\/\/ammadeus.co.ao\/en\/sustainability\/#breadcrumb\"},\"inLanguage\":\"en-US\",\"potentialAction\":[{\"@type\":\"ReadAction\",\"target\":[\"https:\/\/ammadeus.co.ao\/en\/sustainability\/\"]}]},{\"@type\":\"BreadcrumbList\",\"@id\":\"https:\/\/ammadeus.co.ao\/en\/sustainability\/#breadcrumb\",\"itemListElement\":[{\"@type\":\"ListItem\",\"position\":1,\"name\":\"In\u00edcio\",\"item\":\"https:\/\/ammadeus.co.ao\/\"},{\"@type\":\"ListItem\",\"position\":2,\"name\":\"Sustainability\"}]},{\"@type\":\"WebSite\",\"@id\":\"https:\/\/ammadeus.co.ao\/#website\",\"url\":\"https:\/\/ammadeus.co.ao\/\",\"name\":\"Ammadeus Advogados\",\"description\":\"Intelig\u00eancia jur\u00eddica para um mercado em transforma\u00e7\u00e3o.\",\"potentialAction\":[{\"@type\":\"SearchAction\",\"target\":{\"@type\":\"EntryPoint\",\"urlTemplate\":\"https:\/\/ammadeus.co.ao\/?s={search_term_string}\"},\"query-input\":{\"@type\":\"PropertyValueSpecification\",\"valueRequired\":true,\"valueName\":\"search_term_string\"}}],\"inLanguage\":\"en-US\"}]}<\/script>\n<!-- \/ Yoast SEO plugin. -->","yoast_head_json":{"title":"Sustainability - Ammadeus Advogados","robots":{"index":"index","follow":"follow","max-snippet":"max-snippet:-1","max-image-preview":"max-image-preview:large","max-video-preview":"max-video-preview:-1"},"canonical":"https:\/\/ammadeus.co.ao\/en\/sustainability\/","og_locale":"en_US","og_type":"article","og_title":"Sustainability - Ammadeus Advogados","og_description":"At AMMADEUS, we believe sustainability is key to responsible business and societal development. We provide ethical, practical legal advice and representation, guided by principles of environmental protection, social development and good corporate governance. Our aim is to help clients implement sustainable practices, ensuring full legal compliance, minimising risks, and achieving legal solutions and business outcomes [&hellip;]","og_url":"https:\/\/ammadeus.co.ao\/en\/sustainability\/","og_site_name":"Ammadeus Advogados","article_modified_time":"2026-02-16T10:35:16+00:00","twitter_card":"summary_large_image","twitter_misc":{"Est. reading time":"7 minutes"},"schema":{"@context":"https:\/\/schema.org","@graph":[{"@type":"WebPage","@id":"https:\/\/ammadeus.co.ao\/en\/sustainability\/","url":"https:\/\/ammadeus.co.ao\/en\/sustainability\/","name":"Sustainability - Ammadeus Advogados","isPartOf":{"@id":"https:\/\/ammadeus.co.ao\/#website"},"datePublished":"2026-01-07T18:30:14+00:00","dateModified":"2026-02-16T10:35:16+00:00","breadcrumb":{"@id":"https:\/\/ammadeus.co.ao\/en\/sustainability\/#breadcrumb"},"inLanguage":"en-US","potentialAction":[{"@type":"ReadAction","target":["https:\/\/ammadeus.co.ao\/en\/sustainability\/"]}]},{"@type":"BreadcrumbList","@id":"https:\/\/ammadeus.co.ao\/en\/sustainability\/#breadcrumb","itemListElement":[{"@type":"ListItem","position":1,"name":"In\u00edcio","item":"https:\/\/ammadeus.co.ao\/"},{"@type":"ListItem","position":2,"name":"Sustainability"}]},{"@type":"WebSite","@id":"https:\/\/ammadeus.co.ao\/#website","url":"https:\/\/ammadeus.co.ao\/","name":"Ammadeus Advogados","description":"Intelig\u00eancia jur\u00eddica para um mercado em transforma\u00e7\u00e3o.","potentialAction":[{"@type":"SearchAction","target":{"@type":"EntryPoint","urlTemplate":"https:\/\/ammadeus.co.ao\/?s={search_term_string}"},"query-input":{"@type":"PropertyValueSpecification","valueRequired":true,"valueName":"search_term_string"}}],"inLanguage":"en-US"}]}},"_links":{"self":[{"href":"https:\/\/ammadeus.co.ao\/en\/wp-json\/wp\/v2\/pages\/394540","targetHints":{"allow":["GET"]}}],"collection":[{"href":"https:\/\/ammadeus.co.ao\/en\/wp-json\/wp\/v2\/pages"}],"about":[{"href":"https:\/\/ammadeus.co.ao\/en\/wp-json\/wp\/v2\/types\/page"}],"author":[{"embeddable":true,"href":"https:\/\/ammadeus.co.ao\/en\/wp-json\/wp\/v2\/users\/1"}],"replies":[{"embeddable":true,"href":"https:\/\/ammadeus.co.ao\/en\/wp-json\/wp\/v2\/comments?post=394540"}],"version-history":[{"count":13,"href":"https:\/\/ammadeus.co.ao\/en\/wp-json\/wp\/v2\/pages\/394540\/revisions"}],"predecessor-version":[{"id":394784,"href":"https:\/\/ammadeus.co.ao\/en\/wp-json\/wp\/v2\/pages\/394540\/revisions\/394784"}],"wp:attachment":[{"href":"https:\/\/ammadeus.co.ao\/en\/wp-json\/wp\/v2\/media?parent=394540"}],"wp:term":[{"taxonomy":"dipi_cpt_category","embeddable":true,"href":"https:\/\/ammadeus.co.ao\/en\/wp-json\/wp\/v2\/dipi_cpt_category?post=394540"}],"curies":[{"name":"wp","href":"https:\/\/api.w.org\/{rel}","templated":true}]}}